{"id":25,"date":"2025-06-24T10:52:25","date_gmt":"2025-06-24T08:52:25","guid":{"rendered":"http:\/\/ubytovanie-pod-orechom.idream.sk\/?page_id=25"},"modified":"2025-07-08T19:48:32","modified_gmt":"2025-07-08T17:48:32","slug":"hlavna-stranka","status":"publish","type":"page","link":"https:\/\/apartman-florian.idream.sk\/","title":{"rendered":"Hlavn\u00e1 str\u00e1nka"},"content":{"rendered":"\n<h3 class=\"wp-block-heading\"><strong>Odd\u00fdchnite si v srdci \u0160t\u00farova<\/strong><br><strong>\u2013 Apartm\u00e1n v rodinnom dome so v\u0161etk\u00fdm, \u010do potrebujete!<\/strong><\/h3>\n\n\n\n<p>Pon\u00fakame v\u00e1m \u00fatuln\u00e9 ubytovanie v priestrannom apartm\u00e1ne v rodinnom dome v kr\u00e1snom meste \u0160t\u00farovo, len p\u00e1r min\u00fat od term\u00e1lneho k\u00fapaliska Vada\u0161!<\/p>\n\n\n\n<hr class=\"wp-block-separator has-alpha-channel-opacity\"\/>\n\n\n\n<p><strong>\u010co v\u00e1s u n\u00e1s \u010dak\u00e1:<\/strong><\/p>\n\n\n\n<ul class=\"wp-block-list\">\n<li>Ve\u013ek\u00fd dvor ide\u00e1lny na oddych aj z\u00e1bavu<\/li>\n\n\n\n<li>Bezplatn\u00e9 parkovanie priamo pri dome<\/li>\n\n\n\n<li>Wi-Fi internet zdarma<\/li>\n\n\n\n<li>Vonkaj\u0161ie posedenie pod alt\u00e1nkom \u2013 ide\u00e1lne na ve\u010dern\u00e9 grilovanie<\/li>\n\n\n\n<li>Kotl\u00edk na gul\u00e1\u0161 pre gurm\u00e1nov<\/li>\n\n\n\n<li>Gril pre letn\u00e9 poch\u00fa\u0165ky<\/li>\n\n\n\n<li>Hojda\u010dky a priestor na hranie pre deti<\/li>\n\n\n\n<li>Plne zariaden\u00e1 kuchy\u0148a \u2013 ako doma!<\/li>\n<\/ul>\n\n\n\n<hr class=\"wp-block-separator has-alpha-channel-opacity\"\/>\n\n\n\n<p>Apartm\u00e1n je vhodn\u00fd pre rodiny, p\u00e1ry aj skupiny priate\u013eov.<br>Tich\u00e9 prostredie, pohodlie a dom\u00e1ca atmosf\u00e9ra s\u00fa u n\u00e1s samozrejmos\u0165ou.<\/p>\n\n\n\n<hr class=\"wp-block-separator has-alpha-channel-opacity\"\/>\n\n\n\n<p><strong>Lokalita:<\/strong><br>\u0160t\u00farovo \u2013 tich\u00e9 a bezpe\u010dn\u00e9 prostredie bl\u00edzko centra a term\u00e1lneho k\u00fapaliska<\/p>\n\n\n\n<hr class=\"wp-block-separator has-alpha-channel-opacity\"\/>\n\n\n\n<p class=\"has-text-align-center\">Vo\u013en\u00e9 term\u00edny \u2013 nev\u00e1hajte n\u00e1s kontaktova\u0165!<br><mark style=\"background-color:rgba(0, 0, 0, 0)\" class=\"has-inline-color has-black-color\"><kbd>Tel.<strong> +421 905\/969362<\/strong><\/kbd><\/mark><br><\/p>\n\n\n<div class=\"wp-block-image\">\n<figure class=\"aligncenter size-large\"><img loading=\"lazy\" decoding=\"async\" width=\"768\" height=\"1024\" src=\"https:\/\/apartman-florian.idream.sk\/wp-content\/uploads\/2025\/07\/2dd2ad5b-82b4-47e9-bc15-86e0ebe86440-1-768x1024.jpg\" alt=\"\" class=\"wp-image-117\" srcset=\"https:\/\/apartman-florian.idream.sk\/wp-content\/uploads\/2025\/07\/2dd2ad5b-82b4-47e9-bc15-86e0ebe86440-1-768x1024.jpg 768w, https:\/\/apartman-florian.idream.sk\/wp-content\/uploads\/2025\/07\/2dd2ad5b-82b4-47e9-bc15-86e0ebe86440-1-225x300.jpg 225w, https:\/\/apartman-florian.idream.sk\/wp-content\/uploads\/2025\/07\/2dd2ad5b-82b4-47e9-bc15-86e0ebe86440-1-100x133.jpg 100w, https:\/\/apartman-florian.idream.sk\/wp-content\/uploads\/2025\/07\/2dd2ad5b-82b4-47e9-bc15-86e0ebe86440-1-1152x1536.jpg 1152w, https:\/\/apartman-florian.idream.sk\/wp-content\/uploads\/2025\/07\/2dd2ad5b-82b4-47e9-bc15-86e0ebe86440-1.jpg 1536w\" sizes=\"auto, (max-width: 768px) 100vw, 768px\" \/><\/figure>\n<\/div>\n\n\n<figure class=\"wp-block-gallery has-nested-images columns-default is-cropped wp-block-gallery-1 is-layout-flex wp-block-gallery-is-layout-flex\">\n<figure class=\"wp-block-image size-large is-style-default\"><img loading=\"lazy\" decoding=\"async\" width=\"1024\" height=\"547\" data-id=\"17\" src=\"https:\/\/apartman-florian.idream.sk\/wp-content\/uploads\/2025\/06\/Screenshot_20250610_200637_Gallery-1024x547.jpg\" alt=\"\" class=\"wp-image-17\" srcset=\"https:\/\/apartman-florian.idream.sk\/wp-content\/uploads\/2025\/06\/Screenshot_20250610_200637_Gallery-1024x547.jpg 1024w, https:\/\/apartman-florian.idream.sk\/wp-content\/uploads\/2025\/06\/Screenshot_20250610_200637_Gallery-300x160.jpg 300w, https:\/\/apartman-florian.idream.sk\/wp-content\/uploads\/2025\/06\/Screenshot_20250610_200637_Gallery-768x410.jpg 768w, https:\/\/apartman-florian.idream.sk\/wp-content\/uploads\/2025\/06\/Screenshot_20250610_200637_Gallery-1536x821.jpg 1536w, https:\/\/apartman-florian.idream.sk\/wp-content\/uploads\/2025\/06\/Screenshot_20250610_200637_Gallery.jpg 1984w\" sizes=\"auto, (max-width: 1024px) 100vw, 1024px\" \/><\/figure>\n\n\n\n<figure class=\"wp-block-image size-large\"><img loading=\"lazy\" decoding=\"async\" width=\"768\" height=\"1024\" data-id=\"83\" src=\"https:\/\/apartman-florian.idream.sk\/wp-content\/uploads\/2025\/07\/98c60540-183b-4201-a055-7ec41090cfc2-1-768x1024.jpg\" alt=\"\" class=\"wp-image-83\" srcset=\"https:\/\/apartman-florian.idream.sk\/wp-content\/uploads\/2025\/07\/98c60540-183b-4201-a055-7ec41090cfc2-1-768x1024.jpg 768w, https:\/\/apartman-florian.idream.sk\/wp-content\/uploads\/2025\/07\/98c60540-183b-4201-a055-7ec41090cfc2-1-225x300.jpg 225w, https:\/\/apartman-florian.idream.sk\/wp-content\/uploads\/2025\/07\/98c60540-183b-4201-a055-7ec41090cfc2-1-100x133.jpg 100w, https:\/\/apartman-florian.idream.sk\/wp-content\/uploads\/2025\/07\/98c60540-183b-4201-a055-7ec41090cfc2-1-1152x1536.jpg 1152w, https:\/\/apartman-florian.idream.sk\/wp-content\/uploads\/2025\/07\/98c60540-183b-4201-a055-7ec41090cfc2-1.jpg 1536w\" sizes=\"auto, (max-width: 768px) 100vw, 768px\" \/><\/figure>\n\n\n\n<figure class=\"wp-block-image size-large\"><img loading=\"lazy\" decoding=\"async\" width=\"768\" height=\"1024\" data-id=\"86\" src=\"https:\/\/apartman-florian.idream.sk\/wp-content\/uploads\/2025\/07\/f2dd3d3d-0049-4a79-a583-08c7d5ace7e5-768x1024.jpg\" alt=\"\" class=\"wp-image-86\" srcset=\"https:\/\/apartman-florian.idream.sk\/wp-content\/uploads\/2025\/07\/f2dd3d3d-0049-4a79-a583-08c7d5ace7e5-768x1024.jpg 768w, https:\/\/apartman-florian.idream.sk\/wp-content\/uploads\/2025\/07\/f2dd3d3d-0049-4a79-a583-08c7d5ace7e5-225x300.jpg 225w, https:\/\/apartman-florian.idream.sk\/wp-content\/uploads\/2025\/07\/f2dd3d3d-0049-4a79-a583-08c7d5ace7e5-100x133.jpg 100w, https:\/\/apartman-florian.idream.sk\/wp-content\/uploads\/2025\/07\/f2dd3d3d-0049-4a79-a583-08c7d5ace7e5-1152x1536.jpg 1152w, https:\/\/apartman-florian.idream.sk\/wp-content\/uploads\/2025\/07\/f2dd3d3d-0049-4a79-a583-08c7d5ace7e5.jpg 1536w\" sizes=\"auto, (max-width: 768px) 100vw, 768px\" \/><\/figure>\n\n\n\n<figure class=\"wp-block-image size-large\"><img loading=\"lazy\" decoding=\"async\" width=\"1024\" height=\"768\" data-id=\"84\" src=\"https:\/\/apartman-florian.idream.sk\/wp-content\/uploads\/2025\/07\/5c7a6508-ea98-4daf-92fb-2e76e25fdd38-1024x768.jpg\" alt=\"\" class=\"wp-image-84\" srcset=\"https:\/\/apartman-florian.idream.sk\/wp-content\/uploads\/2025\/07\/5c7a6508-ea98-4daf-92fb-2e76e25fdd38-1024x768.jpg 1024w, https:\/\/apartman-florian.idream.sk\/wp-content\/uploads\/2025\/07\/5c7a6508-ea98-4daf-92fb-2e76e25fdd38-300x225.jpg 300w, https:\/\/apartman-florian.idream.sk\/wp-content\/uploads\/2025\/07\/5c7a6508-ea98-4daf-92fb-2e76e25fdd38-768x576.jpg 768w, https:\/\/apartman-florian.idream.sk\/wp-content\/uploads\/2025\/07\/5c7a6508-ea98-4daf-92fb-2e76e25fdd38-100x75.jpg 100w, https:\/\/apartman-florian.idream.sk\/wp-content\/uploads\/2025\/07\/5c7a6508-ea98-4daf-92fb-2e76e25fdd38-1536x1152.jpg 1536w, https:\/\/apartman-florian.idream.sk\/wp-content\/uploads\/2025\/07\/5c7a6508-ea98-4daf-92fb-2e76e25fdd38.jpg 2048w\" sizes=\"auto, (max-width: 1024px) 100vw, 1024px\" \/><\/figure>\n\n\n\n<figure class=\"wp-block-image size-large\"><img loading=\"lazy\" decoding=\"async\" width=\"1024\" height=\"768\" data-id=\"88\" src=\"https:\/\/apartman-florian.idream.sk\/wp-content\/uploads\/2025\/07\/341e41f2-163b-4d04-9ffc-044217a614d8-1024x768.jpg\" alt=\"\" class=\"wp-image-88\" srcset=\"https:\/\/apartman-florian.idream.sk\/wp-content\/uploads\/2025\/07\/341e41f2-163b-4d04-9ffc-044217a614d8-1024x768.jpg 1024w, https:\/\/apartman-florian.idream.sk\/wp-content\/uploads\/2025\/07\/341e41f2-163b-4d04-9ffc-044217a614d8-300x225.jpg 300w, https:\/\/apartman-florian.idream.sk\/wp-content\/uploads\/2025\/07\/341e41f2-163b-4d04-9ffc-044217a614d8-768x576.jpg 768w, https:\/\/apartman-florian.idream.sk\/wp-content\/uploads\/2025\/07\/341e41f2-163b-4d04-9ffc-044217a614d8-100x75.jpg 100w, https:\/\/apartman-florian.idream.sk\/wp-content\/uploads\/2025\/07\/341e41f2-163b-4d04-9ffc-044217a614d8-1536x1152.jpg 1536w, https:\/\/apartman-florian.idream.sk\/wp-content\/uploads\/2025\/07\/341e41f2-163b-4d04-9ffc-044217a614d8.jpg 2048w\" sizes=\"auto, (max-width: 1024px) 100vw, 1024px\" \/><\/figure>\n\n\n\n<figure class=\"wp-block-image size-large\"><img loading=\"lazy\" decoding=\"async\" width=\"768\" height=\"1024\" data-id=\"89\" src=\"https:\/\/apartman-florian.idream.sk\/wp-content\/uploads\/2025\/07\/3b46d663-ea3f-4ca4-82df-3e3fad15e9cc-768x1024.jpg\" alt=\"\" class=\"wp-image-89\" srcset=\"https:\/\/apartman-florian.idream.sk\/wp-content\/uploads\/2025\/07\/3b46d663-ea3f-4ca4-82df-3e3fad15e9cc-768x1024.jpg 768w, https:\/\/apartman-florian.idream.sk\/wp-content\/uploads\/2025\/07\/3b46d663-ea3f-4ca4-82df-3e3fad15e9cc-225x300.jpg 225w, https:\/\/apartman-florian.idream.sk\/wp-content\/uploads\/2025\/07\/3b46d663-ea3f-4ca4-82df-3e3fad15e9cc-100x133.jpg 100w, https:\/\/apartman-florian.idream.sk\/wp-content\/uploads\/2025\/07\/3b46d663-ea3f-4ca4-82df-3e3fad15e9cc-1152x1536.jpg 1152w, https:\/\/apartman-florian.idream.sk\/wp-content\/uploads\/2025\/07\/3b46d663-ea3f-4ca4-82df-3e3fad15e9cc.jpg 1536w\" sizes=\"auto, (max-width: 768px) 100vw, 768px\" \/><\/figure>\n\n\n\n<figure class=\"wp-block-image size-large\"><img loading=\"lazy\" decoding=\"async\" width=\"1024\" height=\"768\" data-id=\"87\" src=\"https:\/\/apartman-florian.idream.sk\/wp-content\/uploads\/2025\/07\/73c62d29-53f6-4c32-ae34-17b2cf4e2836-1024x768.jpg\" alt=\"\" class=\"wp-image-87\" srcset=\"https:\/\/apartman-florian.idream.sk\/wp-content\/uploads\/2025\/07\/73c62d29-53f6-4c32-ae34-17b2cf4e2836-1024x768.jpg 1024w, https:\/\/apartman-florian.idream.sk\/wp-content\/uploads\/2025\/07\/73c62d29-53f6-4c32-ae34-17b2cf4e2836-300x225.jpg 300w, https:\/\/apartman-florian.idream.sk\/wp-content\/uploads\/2025\/07\/73c62d29-53f6-4c32-ae34-17b2cf4e2836-768x576.jpg 768w, https:\/\/apartman-florian.idream.sk\/wp-content\/uploads\/2025\/07\/73c62d29-53f6-4c32-ae34-17b2cf4e2836-100x75.jpg 100w, https:\/\/apartman-florian.idream.sk\/wp-content\/uploads\/2025\/07\/73c62d29-53f6-4c32-ae34-17b2cf4e2836-1536x1152.jpg 1536w, https:\/\/apartman-florian.idream.sk\/wp-content\/uploads\/2025\/07\/73c62d29-53f6-4c32-ae34-17b2cf4e2836.jpg 2048w\" sizes=\"auto, (max-width: 1024px) 100vw, 1024px\" \/><\/figure>\n\n\n\n<figure class=\"wp-block-image size-large\"><img loading=\"lazy\" decoding=\"async\" width=\"1024\" height=\"768\" data-id=\"110\" src=\"https:\/\/apartman-florian.idream.sk\/wp-content\/uploads\/2025\/07\/341e41f2-163b-4d04-9ffc-044217a614d8-1-1024x768.jpg\" alt=\"\" class=\"wp-image-110\" srcset=\"https:\/\/apartman-florian.idream.sk\/wp-content\/uploads\/2025\/07\/341e41f2-163b-4d04-9ffc-044217a614d8-1-1024x768.jpg 1024w, https:\/\/apartman-florian.idream.sk\/wp-content\/uploads\/2025\/07\/341e41f2-163b-4d04-9ffc-044217a614d8-1-300x225.jpg 300w, https:\/\/apartman-florian.idream.sk\/wp-content\/uploads\/2025\/07\/341e41f2-163b-4d04-9ffc-044217a614d8-1-768x576.jpg 768w, https:\/\/apartman-florian.idream.sk\/wp-content\/uploads\/2025\/07\/341e41f2-163b-4d04-9ffc-044217a614d8-1-100x75.jpg 100w, https:\/\/apartman-florian.idream.sk\/wp-content\/uploads\/2025\/07\/341e41f2-163b-4d04-9ffc-044217a614d8-1-1536x1152.jpg 1536w, https:\/\/apartman-florian.idream.sk\/wp-content\/uploads\/2025\/07\/341e41f2-163b-4d04-9ffc-044217a614d8-1.jpg 2048w\" sizes=\"auto, (max-width: 1024px) 100vw, 1024px\" \/><\/figure>\n\n\n\n<figure class=\"wp-block-image size-large\"><img loading=\"lazy\" decoding=\"async\" width=\"1024\" height=\"768\" data-id=\"109\" src=\"https:\/\/apartman-florian.idream.sk\/wp-content\/uploads\/2025\/07\/5c7a6508-ea98-4daf-92fb-2e76e25fdd38-1-1024x768.jpg\" alt=\"\" class=\"wp-image-109\" srcset=\"https:\/\/apartman-florian.idream.sk\/wp-content\/uploads\/2025\/07\/5c7a6508-ea98-4daf-92fb-2e76e25fdd38-1-1024x768.jpg 1024w, https:\/\/apartman-florian.idream.sk\/wp-content\/uploads\/2025\/07\/5c7a6508-ea98-4daf-92fb-2e76e25fdd38-1-300x225.jpg 300w, https:\/\/apartman-florian.idream.sk\/wp-content\/uploads\/2025\/07\/5c7a6508-ea98-4daf-92fb-2e76e25fdd38-1-768x576.jpg 768w, https:\/\/apartman-florian.idream.sk\/wp-content\/uploads\/2025\/07\/5c7a6508-ea98-4daf-92fb-2e76e25fdd38-1-100x75.jpg 100w, https:\/\/apartman-florian.idream.sk\/wp-content\/uploads\/2025\/07\/5c7a6508-ea98-4daf-92fb-2e76e25fdd38-1-1536x1152.jpg 1536w, https:\/\/apartman-florian.idream.sk\/wp-content\/uploads\/2025\/07\/5c7a6508-ea98-4daf-92fb-2e76e25fdd38-1.jpg 2048w\" sizes=\"auto, (max-width: 1024px) 100vw, 1024px\" \/><\/figure>\n<\/figure>\n","protected":false},"excerpt":{"rendered":"<p>Odd\u00fdchnite si v srdci \u0160t\u00farova\u2013 Apartm\u00e1n v rodinnom dome so v\u0161etk\u00fdm, \u010do potrebujete! Pon\u00fakame v\u00e1m \u00fatuln\u00e9 ubytovanie v priestrannom apartm\u00e1ne v rodinnom dome v kr\u00e1snom meste \u0160t\u00farovo, len p\u00e1r min\u00fat od term\u00e1lneho k\u00fapaliska Vada\u0161! \u010co&hellip;<\/p>\n","protected":false},"author":1,"featured_media":0,"parent":0,"menu_order":0,"comment_status":"closed","ping_status":"closed","template":"","meta":{"ngg_post_thumbnail":0,"footnotes":""},"class_list":["post-25","page","type-page","status-publish","hentry"],"aioseo_notices":[],"yoast_head":"<!-- This site is optimized with the Yoast SEO plugin v25.4 - https:\/\/yoast.com\/wordpress\/plugins\/seo\/ -->\n<title>Hlavn\u00e1 str\u00e1nka - Apartman Fl\u00f3ri\u00e1n<\/title>\n<meta name=\"robots\" content=\"index, follow, max-snippet:-1, max-image-preview:large, max-video-preview:-1\" \/>\n<link rel=\"canonical\" href=\"https:\/\/apartman-florian.idream.sk\/\" \/>\n<meta property=\"og:locale\" content=\"sk_SK\" \/>\n<meta property=\"og:type\" content=\"article\" \/>\n<meta property=\"og:title\" content=\"Hlavn\u00e1 str\u00e1nka - Apartman Fl\u00f3ri\u00e1n\" \/>\n<meta property=\"og:description\" content=\"Odd\u00fdchnite si v srdci \u0160t\u00farova\u2013 Apartm\u00e1n v rodinnom dome so v\u0161etk\u00fdm, \u010do potrebujete! Pon\u00fakame v\u00e1m \u00fatuln\u00e9 ubytovanie v priestrannom apartm\u00e1ne v rodinnom dome v kr\u00e1snom meste \u0160t\u00farovo, len p\u00e1r min\u00fat od term\u00e1lneho k\u00fapaliska Vada\u0161! \u010co&hellip;\" \/>\n<meta property=\"og:url\" content=\"https:\/\/apartman-florian.idream.sk\/\" \/>\n<meta property=\"og:site_name\" content=\"Apartman Fl\u00f3ri\u00e1n\" \/>\n<meta property=\"article:modified_time\" content=\"2025-07-08T17:48:32+00:00\" \/>\n<meta property=\"og:image\" content=\"https:\/\/apartman-florian.idream.sk\/wp-content\/uploads\/2025\/07\/2dd2ad5b-82b4-47e9-bc15-86e0ebe86440-1.jpg\" \/>\n\t<meta property=\"og:image:width\" content=\"1536\" \/>\n\t<meta property=\"og:image:height\" content=\"2048\" \/>\n\t<meta property=\"og:image:type\" content=\"image\/jpeg\" \/>\n<meta name=\"twitter:card\" content=\"summary_large_image\" \/>\n<meta name=\"twitter:label1\" content=\"Predpokladan\u00fd \u010das \u010d\u00edtania\" \/>\n\t<meta name=\"twitter:data1\" content=\"1 min\u00fata\" \/>\n<script type=\"application\/ld+json\" class=\"yoast-schema-graph\">{\"@context\":\"https:\/\/schema.org\",\"@graph\":[{\"@type\":\"WebPage\",\"@id\":\"https:\/\/apartman-florian.idream.sk\/\",\"url\":\"https:\/\/apartman-florian.idream.sk\/\",\"name\":\"Hlavn\u00e1 str\u00e1nka - Apartman Fl\u00f3ri\u00e1n\",\"isPartOf\":{\"@id\":\"https:\/\/apartman-florian.idream.sk\/#website\"},\"primaryImageOfPage\":{\"@id\":\"https:\/\/apartman-florian.idream.sk\/#primaryimage\"},\"image\":{\"@id\":\"https:\/\/apartman-florian.idream.sk\/#primaryimage\"},\"thumbnailUrl\":\"https:\/\/apartman-florian.idream.sk\/wp-content\/uploads\/2025\/07\/2dd2ad5b-82b4-47e9-bc15-86e0ebe86440-1-768x1024.jpg\",\"datePublished\":\"2025-06-24T08:52:25+00:00\",\"dateModified\":\"2025-07-08T17:48:32+00:00\",\"breadcrumb\":{\"@id\":\"https:\/\/apartman-florian.idream.sk\/#breadcrumb\"},\"inLanguage\":\"sk-SK\",\"potentialAction\":[{\"@type\":\"ReadAction\",\"target\":[\"https:\/\/apartman-florian.idream.sk\/\"]}]},{\"@type\":\"ImageObject\",\"inLanguage\":\"sk-SK\",\"@id\":\"https:\/\/apartman-florian.idream.sk\/#primaryimage\",\"url\":\"https:\/\/apartman-florian.idream.sk\/wp-content\/uploads\/2025\/07\/2dd2ad5b-82b4-47e9-bc15-86e0ebe86440-1.jpg\",\"contentUrl\":\"https:\/\/apartman-florian.idream.sk\/wp-content\/uploads\/2025\/07\/2dd2ad5b-82b4-47e9-bc15-86e0ebe86440-1.jpg\",\"width\":1536,\"height\":2048},{\"@type\":\"BreadcrumbList\",\"@id\":\"https:\/\/apartman-florian.idream.sk\/#breadcrumb\",\"itemListElement\":[{\"@type\":\"ListItem\",\"position\":1,\"name\":\"Domovsk\u00e1 str\u00e1nka\",\"item\":\"https:\/\/apartman-florian.idream.sk\/\"},{\"@type\":\"ListItem\",\"position\":2,\"name\":\"Hlavn\u00e1 str\u00e1nka\"}]},{\"@type\":\"WebSite\",\"@id\":\"https:\/\/apartman-florian.idream.sk\/#website\",\"url\":\"https:\/\/apartman-florian.idream.sk\/\",\"name\":\"Apartman Fl\u00f3ri\u00e1n\",\"description\":\"\",\"potentialAction\":[{\"@type\":\"SearchAction\",\"target\":{\"@type\":\"EntryPoint\",\"urlTemplate\":\"https:\/\/apartman-florian.idream.sk\/?s={search_term_string}\"},\"query-input\":{\"@type\":\"PropertyValueSpecification\",\"valueRequired\":true,\"valueName\":\"search_term_string\"}}],\"inLanguage\":\"sk-SK\"}]}<\/script>\n<!-- \/ Yoast SEO plugin. -->","yoast_head_json":{"title":"Hlavn\u00e1 str\u00e1nka - Apartman Fl\u00f3ri\u00e1n","robots":{"index":"index","follow":"follow","max-snippet":"max-snippet:-1","max-image-preview":"max-image-preview:large","max-video-preview":"max-video-preview:-1"},"canonical":"https:\/\/apartman-florian.idream.sk\/","og_locale":"sk_SK","og_type":"article","og_title":"Hlavn\u00e1 str\u00e1nka - Apartman Fl\u00f3ri\u00e1n","og_description":"Odd\u00fdchnite si v srdci \u0160t\u00farova\u2013 Apartm\u00e1n v rodinnom dome so v\u0161etk\u00fdm, \u010do potrebujete! Pon\u00fakame v\u00e1m \u00fatuln\u00e9 ubytovanie v priestrannom apartm\u00e1ne v rodinnom dome v kr\u00e1snom meste \u0160t\u00farovo, len p\u00e1r min\u00fat od term\u00e1lneho k\u00fapaliska Vada\u0161! \u010co&hellip;","og_url":"https:\/\/apartman-florian.idream.sk\/","og_site_name":"Apartman Fl\u00f3ri\u00e1n","article_modified_time":"2025-07-08T17:48:32+00:00","og_image":[{"width":1536,"height":2048,"url":"https:\/\/apartman-florian.idream.sk\/wp-content\/uploads\/2025\/07\/2dd2ad5b-82b4-47e9-bc15-86e0ebe86440-1.jpg","type":"image\/jpeg"}],"twitter_card":"summary_large_image","twitter_misc":{"Predpokladan\u00fd \u010das \u010d\u00edtania":"1 min\u00fata"},"schema":{"@context":"https:\/\/schema.org","@graph":[{"@type":"WebPage","@id":"https:\/\/apartman-florian.idream.sk\/","url":"https:\/\/apartman-florian.idream.sk\/","name":"Hlavn\u00e1 str\u00e1nka - Apartman Fl\u00f3ri\u00e1n","isPartOf":{"@id":"https:\/\/apartman-florian.idream.sk\/#website"},"primaryImageOfPage":{"@id":"https:\/\/apartman-florian.idream.sk\/#primaryimage"},"image":{"@id":"https:\/\/apartman-florian.idream.sk\/#primaryimage"},"thumbnailUrl":"https:\/\/apartman-florian.idream.sk\/wp-content\/uploads\/2025\/07\/2dd2ad5b-82b4-47e9-bc15-86e0ebe86440-1-768x1024.jpg","datePublished":"2025-06-24T08:52:25+00:00","dateModified":"2025-07-08T17:48:32+00:00","breadcrumb":{"@id":"https:\/\/apartman-florian.idream.sk\/#breadcrumb"},"inLanguage":"sk-SK","potentialAction":[{"@type":"ReadAction","target":["https:\/\/apartman-florian.idream.sk\/"]}]},{"@type":"ImageObject","inLanguage":"sk-SK","@id":"https:\/\/apartman-florian.idream.sk\/#primaryimage","url":"https:\/\/apartman-florian.idream.sk\/wp-content\/uploads\/2025\/07\/2dd2ad5b-82b4-47e9-bc15-86e0ebe86440-1.jpg","contentUrl":"https:\/\/apartman-florian.idream.sk\/wp-content\/uploads\/2025\/07\/2dd2ad5b-82b4-47e9-bc15-86e0ebe86440-1.jpg","width":1536,"height":2048},{"@type":"BreadcrumbList","@id":"https:\/\/apartman-florian.idream.sk\/#breadcrumb","itemListElement":[{"@type":"ListItem","position":1,"name":"Domovsk\u00e1 str\u00e1nka","item":"https:\/\/apartman-florian.idream.sk\/"},{"@type":"ListItem","position":2,"name":"Hlavn\u00e1 str\u00e1nka"}]},{"@type":"WebSite","@id":"https:\/\/apartman-florian.idream.sk\/#website","url":"https:\/\/apartman-florian.idream.sk\/","name":"Apartman Fl\u00f3ri\u00e1n","description":"","potentialAction":[{"@type":"SearchAction","target":{"@type":"EntryPoint","urlTemplate":"https:\/\/apartman-florian.idream.sk\/?s={search_term_string}"},"query-input":{"@type":"PropertyValueSpecification","valueRequired":true,"valueName":"search_term_string"}}],"inLanguage":"sk-SK"}]}},"_links":{"self":[{"href":"https:\/\/apartman-florian.idream.sk\/index.php\/wp-json\/wp\/v2\/pages\/25","targetHints":{"allow":["GET"]}}],"collection":[{"href":"https:\/\/apartman-florian.idream.sk\/index.php\/wp-json\/wp\/v2\/pages"}],"about":[{"href":"https:\/\/apartman-florian.idream.sk\/index.php\/wp-json\/wp\/v2\/types\/page"}],"author":[{"embeddable":true,"href":"https:\/\/apartman-florian.idream.sk\/index.php\/wp-json\/wp\/v2\/users\/1"}],"replies":[{"embeddable":true,"href":"https:\/\/apartman-florian.idream.sk\/index.php\/wp-json\/wp\/v2\/comments?post=25"}],"version-history":[{"count":15,"href":"https:\/\/apartman-florian.idream.sk\/index.php\/wp-json\/wp\/v2\/pages\/25\/revisions"}],"predecessor-version":[{"id":148,"href":"https:\/\/apartman-florian.idream.sk\/index.php\/wp-json\/wp\/v2\/pages\/25\/revisions\/148"}],"wp:attachment":[{"href":"https:\/\/apartman-florian.idream.sk\/index.php\/wp-json\/wp\/v2\/media?parent=25"}],"curies":[{"name":"wp","href":"https:\/\/api.w.org\/{rel}","templated":true}]}}